{"id":241,"date":"2017-03-30T10:34:47","date_gmt":"2017-03-30T10:34:47","guid":{"rendered":"http:\/\/demo.awethemes.com\/fleurdesel\/?page_id=241"},"modified":"2017-03-30T10:34:47","modified_gmt":"2017-03-30T10:34:47","slug":"events-list","status":"publish","type":"page","link":"https:\/\/melekcave.com\/en\/events-list\/","title":{"rendered":"Events List"},"content":{"rendered":"<section class=\"vc_section vc_custom_1490870214011\"><div class=\"vc_row wpb_row vc_row-fluid\">\n\t\t\t\t\n<div class=\"wpb_column vc_column_container vc_col-sm-12\"><div class=\"vc_column-inner\"><div class=\"wpb_wrapper\"><div class=\"fleurdesel-events-sc\">\n\t<article id=\"post-2160\" class=\"fleurdesel-event fleurdesel-event--list post-2160 fl_event type-fl_event status-publish has-post-thumbnail hentry fl_event_cat-tour\">\n\t<div class=\"post-media\">\n\t<div class=\"post-image\">\n\t\t\t\t\t<a href=\"https:\/\/melekcave.com\/en\/event\/hot-air-balloon-flight\/\">\n\t\t\t\t<img fetchpriority=\"high\" decoding=\"async\" width=\"640\" height=\"500\" src=\"https:\/\/melekcave.com\/wp-content\/uploads\/2017\/03\/banner-tours-640x500.jpg\" class=\"attachment-fleurdesel-medium size-fleurdesel-medium wp-post-image\" alt=\"\" \/>\t\t\t<\/a>\n\t\t\t<\/div>\n<\/div>\n\n\t<div class=\"post-data\">\n\t\t<div class=\"event-time\">\n\t\t\t<div class=\"event-time__date\">\n\t\t\t\t12\t\t\t<\/div>\n\t\t\t<div class=\"event-time__month\">\n\t\t\t\t<span>April<\/span>\n\t\t\t\t<span>2017<\/span>\n\t\t\t<\/div>\n\t\t<\/div>\n\n\t\t<h2 class=\"post-title\"><a href=\"https:\/\/melekcave.com\/en\/event\/hot-air-balloon-flight\/\" rel=\"bookmark\">Hot Air Balloon Tour<\/a><\/h2>\n\t\t\t\t<div class=\"event-price mb-20\">\n\t\t\t<span class=\"event-price__value\">\u20ac230.00<\/span>\n\t\t\t\/\t\t\t<span class=\"event-price__unit\">Person<\/span>\n\t\t<\/div>\n\t\t\n\t\t<div class=\"event-info\">\n\t\t\t\t\t\t<div class=\"mb-15\">\n\t\t\t\t<p class=\"event-title font-700 fz-14 text-uppercase\">\n\t\t\t\t\t<i class=\"fa fa-map-marker\"><\/i>\n\t\t\t\t\t<span>LOCATION<\/span>\n\t\t\t\t<\/p>\n\t\t\t\t<p>G\u00f6reme \/ Cappadocia<\/p>\n\t\t\t<\/div>\n\t\t\t\n\t\t\t<div class=\"mb-10\">\n\t\t\t\t<p class=\"event-title font-700 fz-14 text-uppercase\">\n\t\t\t\t\t<i class=\"fa fa-map-marker\"><\/i>\n\t\t\t\t\t<span>TIME<\/span>\n\t\t\t\t<\/p>\n\t\t\t\t<p>Start:  12:00 am April 12, 2017<\/p>\n\t\t\t\t\t\t\t\t<p>End:  11:05 am May 18, 2017<\/p>\n\t\t\t\t\t\t\t<\/div>\n\n\t\t\t\t\t\t\t<a href=\"https:\/\/goo.gl\/maps\/qMTJ8d4tcy9jM4Nt5\">\n\t\t\t\t\t<i class=\"fa fa-map-o\"><\/i> <span>Google Map<\/span>\n\t\t\t\t<\/a>\n\t\t\t\t\t<\/div>\n\t<\/div>\n<\/article>\n<article id=\"post-1533\" class=\"fleurdesel-event fleurdesel-event--list post-1533 fl_event type-fl_event status-publish has-post-thumbnail hentry fl_event_cat-tour\">\n\t<div class=\"post-media\">\n\t<div class=\"post-image\">\n\t\t\t\t\t<a href=\"https:\/\/melekcave.com\/en\/event\/cappadocia-red-tour\/\">\n\t\t\t\t<img decoding=\"async\" width=\"640\" height=\"500\" data-src=\"https:\/\/melekcave.com\/wp-content\/uploads\/2021\/09\/melek-cave-cappadocia-red-tour-2-640x500.jpg\" class=\"attachment-fleurdesel-medium size-fleurdesel-medium wp-post-image lazyload\" alt=\"\" data-srcset=\"https:\/\/melekcave.com\/wp-content\/uploads\/2021\/09\/melek-cave-cappadocia-red-tour-2-640x500.jpg 640w, https:\/\/melekcave.com\/wp-content\/uploads\/2021\/09\/melek-cave-cappadocia-red-tour-2-16x12.jpg 16w\" data-sizes=\"(max-width: 640px) 100vw, 640px\" src=\"data:image\/svg+xml;base64,PHN2ZyB3aWR0aD0iMSIgaGVpZ2h0PSIxIiB4bWxucz0iaHR0cDovL3d3dy53My5vcmcvMjAwMC9zdmciPjwvc3ZnPg==\" style=\"--smush-placeholder-width: 640px; --smush-placeholder-aspect-ratio: 640\/500;\" \/>\t\t\t<\/a>\n\t\t\t<\/div>\n<\/div>\n\n\t<div class=\"post-data\">\n\t\t<div class=\"event-time\">\n\t\t\t<div class=\"event-time__date\">\n\t\t\t\t12\t\t\t<\/div>\n\t\t\t<div class=\"event-time__month\">\n\t\t\t\t<span>April<\/span>\n\t\t\t\t<span>2017<\/span>\n\t\t\t<\/div>\n\t\t<\/div>\n\n\t\t<h2 class=\"post-title\"><a href=\"https:\/\/melekcave.com\/en\/event\/cappadocia-red-tour\/\" rel=\"bookmark\">Kapadokya K\u0131rm\u0131z\u0131 Tur<\/a><\/h2>\n\t\t\t\t<div class=\"event-price mb-20\">\n\t\t\t<span class=\"event-price__value\">\u20ac45,00<\/span>\n\t\t\t\/\t\t\t<span class=\"event-price__unit\">Person<\/span>\n\t\t<\/div>\n\t\t\n\t\t<div class=\"event-info\">\n\t\t\t\t\t\t<div class=\"mb-15\">\n\t\t\t\t<p class=\"event-title font-700 fz-14 text-uppercase\">\n\t\t\t\t\t<i class=\"fa fa-map-marker\"><\/i>\n\t\t\t\t\t<span>LOCATION<\/span>\n\t\t\t\t<\/p>\n\t\t\t\t<p>G\u00f6reme \/ Cappadocia<\/p>\n\t\t\t<\/div>\n\t\t\t\n\t\t\t<div class=\"mb-10\">\n\t\t\t\t<p class=\"event-title font-700 fz-14 text-uppercase\">\n\t\t\t\t\t<i class=\"fa fa-map-marker\"><\/i>\n\t\t\t\t\t<span>TIME<\/span>\n\t\t\t\t<\/p>\n\t\t\t\t<p>Start:  9:30 am April 12, 2017<\/p>\n\t\t\t\t\t\t\t\t<p>End:  4:30 pm May 18, 2017<\/p>\n\t\t\t\t\t\t\t<\/div>\n\n\t\t\t\t\t\t\t<a href=\"https:\/\/goo.gl\/maps\/qMTJ8d4tcy9jM4Nt5\">\n\t\t\t\t\t<i class=\"fa fa-map-o\"><\/i> <span>Google Map<\/span>\n\t\t\t\t<\/a>\n\t\t\t\t\t<\/div>\n\t<\/div>\n<\/article>\n<article id=\"post-2165\" class=\"fleurdesel-event fleurdesel-event--list post-2165 fl_event type-fl_event status-publish has-post-thumbnail hentry fl_event_cat-tour\">\n\t<div class=\"post-media\">\n\t<div class=\"post-image\">\n\t\t\t\t\t<a href=\"https:\/\/melekcave.com\/en\/event\/cappadocia-green-tour\/\">\n\t\t\t\t<img decoding=\"async\" width=\"640\" height=\"500\" data-src=\"https:\/\/melekcave.com\/wp-content\/uploads\/2021\/09\/melek-cave-cappadocia-green-tour-1-640x500.jpg\" class=\"attachment-fleurdesel-medium size-fleurdesel-medium wp-post-image lazyload\" alt=\"\" data-srcset=\"https:\/\/melekcave.com\/wp-content\/uploads\/2021\/09\/melek-cave-cappadocia-green-tour-1-640x500.jpg 640w, https:\/\/melekcave.com\/wp-content\/uploads\/2021\/09\/melek-cave-cappadocia-green-tour-1-16x12.jpg 16w\" data-sizes=\"(max-width: 640px) 100vw, 640px\" src=\"data:image\/svg+xml;base64,PHN2ZyB3aWR0aD0iMSIgaGVpZ2h0PSIxIiB4bWxucz0iaHR0cDovL3d3dy53My5vcmcvMjAwMC9zdmciPjwvc3ZnPg==\" style=\"--smush-placeholder-width: 640px; --smush-placeholder-aspect-ratio: 640\/500;\" \/>\t\t\t<\/a>\n\t\t\t<\/div>\n<\/div>\n\n\t<div class=\"post-data\">\n\t\t<div class=\"event-time\">\n\t\t\t<div class=\"event-time__date\">\n\t\t\t\t12\t\t\t<\/div>\n\t\t\t<div class=\"event-time__month\">\n\t\t\t\t<span>April<\/span>\n\t\t\t\t<span>2017<\/span>\n\t\t\t<\/div>\n\t\t<\/div>\n\n\t\t<h2 class=\"post-title\"><a href=\"https:\/\/melekcave.com\/en\/event\/cappadocia-green-tour\/\" rel=\"bookmark\">Kapadokya Ye\u015fil Tur<\/a><\/h2>\n\t\t\t\t<div class=\"event-price mb-20\">\n\t\t\t<span class=\"event-price__value\">\u20ac45,00<\/span>\n\t\t\t\/\t\t\t<span class=\"event-price__unit\">Person<\/span>\n\t\t<\/div>\n\t\t\n\t\t<div class=\"event-info\">\n\t\t\t\t\t\t<div class=\"mb-15\">\n\t\t\t\t<p class=\"event-title font-700 fz-14 text-uppercase\">\n\t\t\t\t\t<i class=\"fa fa-map-marker\"><\/i>\n\t\t\t\t\t<span>LOCATION<\/span>\n\t\t\t\t<\/p>\n\t\t\t\t<p>U\u00e7hisar \/ Derinkuyu \/ Ihlara Vadisi<\/p>\n\t\t\t<\/div>\n\t\t\t\n\t\t\t<div class=\"mb-10\">\n\t\t\t\t<p class=\"event-title font-700 fz-14 text-uppercase\">\n\t\t\t\t\t<i class=\"fa fa-map-marker\"><\/i>\n\t\t\t\t\t<span>TIME<\/span>\n\t\t\t\t<\/p>\n\t\t\t\t<p>Start:  9:30 am April 12, 2017<\/p>\n\t\t\t\t\t\t\t\t<p>End:  6:00 pm May 18, 2017<\/p>\n\t\t\t\t\t\t\t<\/div>\n\n\t\t\t\t\t\t\t<a href=\"https:\/\/goo.gl\/maps\/qMTJ8d4tcy9jM4Nt5\">\n\t\t\t\t\t<i class=\"fa fa-map-o\"><\/i> <span>Google Map<\/span>\n\t\t\t\t<\/a>\n\t\t\t\t\t<\/div>\n\t<\/div>\n<\/article>\n<article id=\"post-2171\" class=\"fleurdesel-event fleurdesel-event--list post-2171 fl_event type-fl_event status-publish has-post-thumbnail hentry fl_event_cat-tour\">\n\t<div class=\"post-media\">\n\t<div class=\"post-image\">\n\t\t\t\t\t<a href=\"https:\/\/melekcave.com\/en\/event\/cappadocia-atv-tour\/\">\n\t\t\t\t<img decoding=\"async\" width=\"640\" height=\"500\" data-src=\"https:\/\/melekcave.com\/wp-content\/uploads\/2021\/09\/melek-cave-cappadocia-atv-tour-1-640x500.jpg\" class=\"attachment-fleurdesel-medium size-fleurdesel-medium wp-post-image lazyload\" alt=\"\" data-srcset=\"https:\/\/melekcave.com\/wp-content\/uploads\/2021\/09\/melek-cave-cappadocia-atv-tour-1-640x500.jpg 640w, https:\/\/melekcave.com\/wp-content\/uploads\/2021\/09\/melek-cave-cappadocia-atv-tour-1-16x12.jpg 16w\" data-sizes=\"(max-width: 640px) 100vw, 640px\" src=\"data:image\/svg+xml;base64,PHN2ZyB3aWR0aD0iMSIgaGVpZ2h0PSIxIiB4bWxucz0iaHR0cDovL3d3dy53My5vcmcvMjAwMC9zdmciPjwvc3ZnPg==\" style=\"--smush-placeholder-width: 640px; --smush-placeholder-aspect-ratio: 640\/500;\" \/>\t\t\t<\/a>\n\t\t\t<\/div>\n<\/div>\n\n\t<div class=\"post-data\">\n\t\t<div class=\"event-time\">\n\t\t\t<div class=\"event-time__date\">\n\t\t\t\t12\t\t\t<\/div>\n\t\t\t<div class=\"event-time__month\">\n\t\t\t\t<span>April<\/span>\n\t\t\t\t<span>2017<\/span>\n\t\t\t<\/div>\n\t\t<\/div>\n\n\t\t<h2 class=\"post-title\"><a href=\"https:\/\/melekcave.com\/en\/event\/cappadocia-atv-tour\/\" rel=\"bookmark\">Atv (Quad) Tour<\/a><\/h2>\n\t\t\t\t<div class=\"event-price mb-20\">\n\t\t\t<span class=\"event-price__value\">\u20ac30<\/span>\n\t\t\t\/\t\t\t<span class=\"event-price__unit\">Person<\/span>\n\t\t<\/div>\n\t\t\n\t\t<div class=\"event-info\">\n\t\t\t\t\t\t<div class=\"mb-15\">\n\t\t\t\t<p class=\"event-title font-700 fz-14 text-uppercase\">\n\t\t\t\t\t<i class=\"fa fa-map-marker\"><\/i>\n\t\t\t\t\t<span>LOCATION<\/span>\n\t\t\t\t<\/p>\n\t\t\t\t<p>G\u00f6reme \/ Cappadocia<\/p>\n\t\t\t<\/div>\n\t\t\t\n\t\t\t<div class=\"mb-10\">\n\t\t\t\t<p class=\"event-title font-700 fz-14 text-uppercase\">\n\t\t\t\t\t<i class=\"fa fa-map-marker\"><\/i>\n\t\t\t\t\t<span>TIME<\/span>\n\t\t\t\t<\/p>\n\t\t\t\t<p>Start:  5:00 pm April 12, 2017<\/p>\n\t\t\t\t\t\t\t\t<p>End:  7:00 pm May 18, 2017<\/p>\n\t\t\t\t\t\t\t<\/div>\n\n\t\t\t\t\t\t\t<a href=\"https:\/\/goo.gl\/maps\/qMTJ8d4tcy9jM4Nt5\">\n\t\t\t\t\t<i class=\"fa fa-map-o\"><\/i> <span>Google Map<\/span>\n\t\t\t\t<\/a>\n\t\t\t\t\t<\/div>\n\t<\/div>\n<\/article>\n<article id=\"post-2178\" class=\"fleurdesel-event fleurdesel-event--list post-2178 fl_event type-fl_event status-publish has-post-thumbnail hentry fl_event_cat-tour\">\n\t<div class=\"post-media\">\n\t<div class=\"post-image\">\n\t\t\t\t\t<a href=\"https:\/\/melekcave.com\/en\/event\/cappadocia-horse-riding-tour\/\">\n\t\t\t\t<img decoding=\"async\" width=\"640\" height=\"500\" data-src=\"https:\/\/melekcave.com\/wp-content\/uploads\/2021\/09\/melek-cave-cappadocia-horse-riding-1-640x500.jpg\" class=\"attachment-fleurdesel-medium size-fleurdesel-medium wp-post-image lazyload\" alt=\"\" data-srcset=\"https:\/\/melekcave.com\/wp-content\/uploads\/2021\/09\/melek-cave-cappadocia-horse-riding-1-640x500.jpg 640w, https:\/\/melekcave.com\/wp-content\/uploads\/2021\/09\/melek-cave-cappadocia-horse-riding-1-16x12.jpg 16w\" data-sizes=\"(max-width: 640px) 100vw, 640px\" src=\"data:image\/svg+xml;base64,PHN2ZyB3aWR0aD0iMSIgaGVpZ2h0PSIxIiB4bWxucz0iaHR0cDovL3d3dy53My5vcmcvMjAwMC9zdmciPjwvc3ZnPg==\" style=\"--smush-placeholder-width: 640px; --smush-placeholder-aspect-ratio: 640\/500;\" \/>\t\t\t<\/a>\n\t\t\t<\/div>\n<\/div>\n\n\t<div class=\"post-data\">\n\t\t<div class=\"event-time\">\n\t\t\t<div class=\"event-time__date\">\n\t\t\t\t12\t\t\t<\/div>\n\t\t\t<div class=\"event-time__month\">\n\t\t\t\t<span>April<\/span>\n\t\t\t\t<span>2017<\/span>\n\t\t\t<\/div>\n\t\t<\/div>\n\n\t\t<h2 class=\"post-title\"><a href=\"https:\/\/melekcave.com\/en\/event\/cappadocia-horse-riding-tour\/\" rel=\"bookmark\">Kapadokya At Turu<\/a><\/h2>\n\t\t\t\t<div class=\"event-price mb-20\">\n\t\t\t<span class=\"event-price__value\">\u20ac30<\/span>\n\t\t\t\/\t\t\t<span class=\"event-price__unit\">Person<\/span>\n\t\t<\/div>\n\t\t\n\t\t<div class=\"event-info\">\n\t\t\t\t\t\t<div class=\"mb-15\">\n\t\t\t\t<p class=\"event-title font-700 fz-14 text-uppercase\">\n\t\t\t\t\t<i class=\"fa fa-map-marker\"><\/i>\n\t\t\t\t\t<span>LOCATION<\/span>\n\t\t\t\t<\/p>\n\t\t\t\t<p>G\u00f6reme \/ Cappadocia<\/p>\n\t\t\t<\/div>\n\t\t\t\n\t\t\t<div class=\"mb-10\">\n\t\t\t\t<p class=\"event-title font-700 fz-14 text-uppercase\">\n\t\t\t\t\t<i class=\"fa fa-map-marker\"><\/i>\n\t\t\t\t\t<span>TIME<\/span>\n\t\t\t\t<\/p>\n\t\t\t\t<p>Start:  5:00 pm April 12, 2017<\/p>\n\t\t\t\t\t\t\t\t<p>End:  7:00 pm May 18, 2017<\/p>\n\t\t\t\t\t\t\t<\/div>\n\n\t\t\t\t\t\t\t<a href=\"https:\/\/goo.gl\/maps\/qMTJ8d4tcy9jM4Nt5\">\n\t\t\t\t\t<i class=\"fa fa-map-o\"><\/i> <span>Google Map<\/span>\n\t\t\t\t<\/a>\n\t\t\t\t\t<\/div>\n\t<\/div>\n<\/article>\n<article id=\"post-2183\" class=\"fleurdesel-event fleurdesel-event--list post-2183 fl_event type-fl_event status-publish has-post-thumbnail hentry fl_event_cat-tour\">\n\t<div class=\"post-media\">\n\t<div class=\"post-image\">\n\t\t\t\t\t<a href=\"https:\/\/melekcave.com\/en\/event\/cappadocia-turkish-night-show\/\">\n\t\t\t\t<img decoding=\"async\" width=\"640\" height=\"500\" data-src=\"https:\/\/melekcave.com\/wp-content\/uploads\/2021\/09\/melek-cave-cappadocia-turkish-night-show-1-640x500.jpg\" class=\"attachment-fleurdesel-medium size-fleurdesel-medium wp-post-image lazyload\" alt=\"\" data-srcset=\"https:\/\/melekcave.com\/wp-content\/uploads\/2021\/09\/melek-cave-cappadocia-turkish-night-show-1-640x500.jpg 640w, https:\/\/melekcave.com\/wp-content\/uploads\/2021\/09\/melek-cave-cappadocia-turkish-night-show-1-16x12.jpg 16w\" data-sizes=\"(max-width: 640px) 100vw, 640px\" src=\"data:image\/svg+xml;base64,PHN2ZyB3aWR0aD0iMSIgaGVpZ2h0PSIxIiB4bWxucz0iaHR0cDovL3d3dy53My5vcmcvMjAwMC9zdmciPjwvc3ZnPg==\" style=\"--smush-placeholder-width: 640px; --smush-placeholder-aspect-ratio: 640\/500;\" \/>\t\t\t<\/a>\n\t\t\t<\/div>\n<\/div>\n\n\t<div class=\"post-data\">\n\t\t<div class=\"event-time\">\n\t\t\t<div class=\"event-time__date\">\n\t\t\t\t12\t\t\t<\/div>\n\t\t\t<div class=\"event-time__month\">\n\t\t\t\t<span>April<\/span>\n\t\t\t\t<span>2017<\/span>\n\t\t\t<\/div>\n\t\t<\/div>\n\n\t\t<h2 class=\"post-title\"><a href=\"https:\/\/melekcave.com\/en\/event\/cappadocia-turkish-night-show\/\" rel=\"bookmark\">T\u00fcrk Gecesi G\u00f6sterisi<\/a><\/h2>\n\t\t\t\t<div class=\"event-price mb-20\">\n\t\t\t<span class=\"event-price__value\">\u20ac35<\/span>\n\t\t\t\/\t\t\t<span class=\"event-price__unit\">Person<\/span>\n\t\t<\/div>\n\t\t\n\t\t<div class=\"event-info\">\n\t\t\t\t\t\t<div class=\"mb-15\">\n\t\t\t\t<p class=\"event-title font-700 fz-14 text-uppercase\">\n\t\t\t\t\t<i class=\"fa fa-map-marker\"><\/i>\n\t\t\t\t\t<span>LOCATION<\/span>\n\t\t\t\t<\/p>\n\t\t\t\t<p>G\u00f6reme \/ Cappadocia<\/p>\n\t\t\t<\/div>\n\t\t\t\n\t\t\t<div class=\"mb-10\">\n\t\t\t\t<p class=\"event-title font-700 fz-14 text-uppercase\">\n\t\t\t\t\t<i class=\"fa fa-map-marker\"><\/i>\n\t\t\t\t\t<span>TIME<\/span>\n\t\t\t\t<\/p>\n\t\t\t\t<p>Start:  7:30 pm April 12, 2017<\/p>\n\t\t\t\t\t\t\t\t<p>End:  11:30 pm May 18, 2017<\/p>\n\t\t\t\t\t\t\t<\/div>\n\n\t\t\t\t\t\t\t<a href=\"https:\/\/goo.gl\/maps\/qMTJ8d4tcy9jM4Nt5\">\n\t\t\t\t\t<i class=\"fa fa-map-o\"><\/i> <span>Google Map<\/span>\n\t\t\t\t<\/a>\n\t\t\t\t\t<\/div>\n\t<\/div>\n<\/article>\n<article id=\"post-2188\" class=\"fleurdesel-event fleurdesel-event--list post-2188 fl_event type-fl_event status-publish has-post-thumbnail hentry fl_event_cat-tour\">\n\t<div class=\"post-media\">\n\t<div class=\"post-image\">\n\t\t\t\t\t<a href=\"https:\/\/melekcave.com\/en\/event\/cappadocia-whirling-dervishes\/\">\n\t\t\t\t<img decoding=\"async\" width=\"640\" height=\"500\" data-src=\"https:\/\/melekcave.com\/wp-content\/uploads\/2021\/09\/melek-cave-cappadocia-whirling-dervishes-show-1-640x500.jpg\" class=\"attachment-fleurdesel-medium size-fleurdesel-medium wp-post-image lazyload\" alt=\"\" data-srcset=\"https:\/\/melekcave.com\/wp-content\/uploads\/2021\/09\/melek-cave-cappadocia-whirling-dervishes-show-1-640x500.jpg 640w, https:\/\/melekcave.com\/wp-content\/uploads\/2021\/09\/melek-cave-cappadocia-whirling-dervishes-show-1-16x12.jpg 16w\" data-sizes=\"(max-width: 640px) 100vw, 640px\" src=\"data:image\/svg+xml;base64,PHN2ZyB3aWR0aD0iMSIgaGVpZ2h0PSIxIiB4bWxucz0iaHR0cDovL3d3dy53My5vcmcvMjAwMC9zdmciPjwvc3ZnPg==\" style=\"--smush-placeholder-width: 640px; --smush-placeholder-aspect-ratio: 640\/500;\" \/>\t\t\t<\/a>\n\t\t\t<\/div>\n<\/div>\n\n\t<div class=\"post-data\">\n\t\t<div class=\"event-time\">\n\t\t\t<div class=\"event-time__date\">\n\t\t\t\t12\t\t\t<\/div>\n\t\t\t<div class=\"event-time__month\">\n\t\t\t\t<span>April<\/span>\n\t\t\t\t<span>2017<\/span>\n\t\t\t<\/div>\n\t\t<\/div>\n\n\t\t<h2 class=\"post-title\"><a href=\"https:\/\/melekcave.com\/en\/event\/cappadocia-whirling-dervishes\/\" rel=\"bookmark\">Sema G\u00f6sterisi<\/a><\/h2>\n\t\t\t\t<div class=\"event-price mb-20\">\n\t\t\t<span class=\"event-price__value\">\u20ac25<\/span>\n\t\t\t\/\t\t\t<span class=\"event-price__unit\">Person<\/span>\n\t\t<\/div>\n\t\t\n\t\t<div class=\"event-info\">\n\t\t\t\t\t\t<div class=\"mb-15\">\n\t\t\t\t<p class=\"event-title font-700 fz-14 text-uppercase\">\n\t\t\t\t\t<i class=\"fa fa-map-marker\"><\/i>\n\t\t\t\t\t<span>LOCATION<\/span>\n\t\t\t\t<\/p>\n\t\t\t\t<p>G\u00f6reme \/ Cappadocia<\/p>\n\t\t\t<\/div>\n\t\t\t\n\t\t\t<div class=\"mb-10\">\n\t\t\t\t<p class=\"event-title font-700 fz-14 text-uppercase\">\n\t\t\t\t\t<i class=\"fa fa-map-marker\"><\/i>\n\t\t\t\t\t<span>TIME<\/span>\n\t\t\t\t<\/p>\n\t\t\t\t<p>Start:  6:30 pm April 12, 2017<\/p>\n\t\t\t\t\t\t\t\t<p>End:  7:30 pm May 18, 2017<\/p>\n\t\t\t\t\t\t\t<\/div>\n\n\t\t\t\t\t\t\t<a href=\"https:\/\/goo.gl\/maps\/qMTJ8d4tcy9jM4Nt5\">\n\t\t\t\t\t<i class=\"fa fa-map-o\"><\/i> <span>Google Map<\/span>\n\t\t\t\t<\/a>\n\t\t\t\t\t<\/div>\n\t<\/div>\n<\/article>\n<article id=\"post-2193\" class=\"fleurdesel-event fleurdesel-event--list post-2193 fl_event type-fl_event status-publish has-post-thumbnail hentry fl_event_cat-tour\">\n\t<div class=\"post-media\">\n\t<div class=\"post-image\">\n\t\t\t\t\t<a href=\"https:\/\/melekcave.com\/en\/event\/cappadocia-turkish-bath\/\">\n\t\t\t\t<img decoding=\"async\" width=\"640\" height=\"500\" data-src=\"https:\/\/melekcave.com\/wp-content\/uploads\/2021\/09\/melek-cave-cappadocia-turkish-bath-2-640x500.jpg\" class=\"attachment-fleurdesel-medium size-fleurdesel-medium wp-post-image lazyload\" alt=\"\" data-srcset=\"https:\/\/melekcave.com\/wp-content\/uploads\/2021\/09\/melek-cave-cappadocia-turkish-bath-2-640x500.jpg 640w, https:\/\/melekcave.com\/wp-content\/uploads\/2021\/09\/melek-cave-cappadocia-turkish-bath-2-16x12.jpg 16w\" data-sizes=\"(max-width: 640px) 100vw, 640px\" src=\"data:image\/svg+xml;base64,PHN2ZyB3aWR0aD0iMSIgaGVpZ2h0PSIxIiB4bWxucz0iaHR0cDovL3d3dy53My5vcmcvMjAwMC9zdmciPjwvc3ZnPg==\" style=\"--smush-placeholder-width: 640px; --smush-placeholder-aspect-ratio: 640\/500;\" \/>\t\t\t<\/a>\n\t\t\t<\/div>\n<\/div>\n\n\t<div class=\"post-data\">\n\t\t<div class=\"event-time\">\n\t\t\t<div class=\"event-time__date\">\n\t\t\t\t12\t\t\t<\/div>\n\t\t\t<div class=\"event-time__month\">\n\t\t\t\t<span>April<\/span>\n\t\t\t\t<span>2017<\/span>\n\t\t\t<\/div>\n\t\t<\/div>\n\n\t\t<h2 class=\"post-title\"><a href=\"https:\/\/melekcave.com\/en\/event\/cappadocia-turkish-bath\/\" rel=\"bookmark\">T\u00fcrk Hamam\u0131<\/a><\/h2>\n\t\t\t\t<div class=\"event-price mb-20\">\n\t\t\t<span class=\"event-price__value\">\u20ac35<\/span>\n\t\t\t\/\t\t\t<span class=\"event-price__unit\">Person<\/span>\n\t\t<\/div>\n\t\t\n\t\t<div class=\"event-info\">\n\t\t\t\t\t\t<div class=\"mb-15\">\n\t\t\t\t<p class=\"event-title font-700 fz-14 text-uppercase\">\n\t\t\t\t\t<i class=\"fa fa-map-marker\"><\/i>\n\t\t\t\t\t<span>LOCATION<\/span>\n\t\t\t\t<\/p>\n\t\t\t\t<p>G\u00f6reme \/ Cappadocia<\/p>\n\t\t\t<\/div>\n\t\t\t\n\t\t\t<div class=\"mb-10\">\n\t\t\t\t<p class=\"event-title font-700 fz-14 text-uppercase\">\n\t\t\t\t\t<i class=\"fa fa-map-marker\"><\/i>\n\t\t\t\t\t<span>TIME<\/span>\n\t\t\t\t<\/p>\n\t\t\t\t<p>Start:  8:00 am April 12, 2017<\/p>\n\t\t\t\t\t\t\t\t<p>End:  10:00 pm May 18, 2017<\/p>\n\t\t\t\t\t\t\t<\/div>\n\n\t\t\t\t\t\t\t<a href=\"https:\/\/goo.gl\/maps\/qMTJ8d4tcy9jM4Nt5\">\n\t\t\t\t\t<i class=\"fa fa-map-o\"><\/i> <span>Google Map<\/span>\n\t\t\t\t<\/a>\n\t\t\t\t\t<\/div>\n\t<\/div>\n<\/article>\n\n\t<\/div>\n<\/div><\/div><\/div><\/div><\/section>","protected":false},"excerpt":{"rendered":"\u00dccret : \u20ac 35 ki\u015fi ba\u015f\u0131 Ba\u015flama saati:\u00a021:00 dan \u00f6nce herhangi bir vakitte Biti\u015f saati:\u00a022.00 Kapadokya\u2019n\u0131n en canl\u0131 b\u00f6lgelerinden birisi olan G\u00f6reme\u2019de bulunan Elis T\u00fcrk Hamam\u0131\u2019nda rahatlat\u0131c\u0131 ve dinlendirici saatler ge\u00e7irebilirsiniz. Fiyatlar Euro baz\u0131nda belirlenmi\u015f. Temizli\u011fi, g\u00fclery\u00fczl\u00fc, profesyonel ve ilgili personelleri ile ziyaret\u00e7ilerinin be\u011fenisini kazanan Elis Hamam klasik masaj, ayak masaj\u0131, medikal masaj, anti-stress masaj\u0131, [...]","protected":false},"author":2,"featured_media":0,"parent":0,"menu_order":0,"comment_status":"closed","ping_status":"closed","template":"templates\/page-builder.php","meta":{"footnotes":""},"class_list":["post-241","page","type-page","status-publish","hentry"],"_links":{"self":[{"href":"https:\/\/melekcave.com\/en\/wp-json\/wp\/v2\/pages\/241","targetHints":{"allow":["GET"]}}],"collection":[{"href":"https:\/\/melekcave.com\/en\/wp-json\/wp\/v2\/pages"}],"about":[{"href":"https:\/\/melekcave.com\/en\/wp-json\/wp\/v2\/types\/page"}],"author":[{"embeddable":true,"href":"https:\/\/melekcave.com\/en\/wp-json\/wp\/v2\/users\/2"}],"replies":[{"embeddable":true,"href":"https:\/\/melekcave.com\/en\/wp-json\/wp\/v2\/comments?post=241"}],"version-history":[{"count":0,"href":"https:\/\/melekcave.com\/en\/wp-json\/wp\/v2\/pages\/241\/revisions"}],"wp:attachment":[{"href":"https:\/\/melekcave.com\/en\/wp-json\/wp\/v2\/media?parent=241"}],"curies":[{"name":"wp","href":"https:\/\/api.w.org\/{rel}","templated":true}]}}